{"id":8093,"date":"2024-12-04T12:19:18","date_gmt":"2024-12-04T11:19:18","guid":{"rendered":"https:\/\/www.juteco.it\/product\/zerbino-in-gomma-e-polipropilene-grigio-asciugapasso\/"},"modified":"2026-03-17T11:16:14","modified_gmt":"2026-03-17T10:16:14","slug":"zerbino-in-gomma-e-polipropilene-grigio-asciugapasso","status":"publish","type":"product","link":"https:\/\/www.juteco.it\/en\/grey-rubber-and-polypropylene-entrance-doormat\/","title":{"rendered":"Grey Rubber and Polypropylene Entrance Doormat"},"content":{"rendered":"<p><strong>Zerbino pratico e resistente in polipropilene e gomma<\/strong>, progettato per offrire <strong>funzionalit\u00e0, stabilit\u00e0 e durata<\/strong>. Grazie alla combinazione di materiali di alta qualit\u00e0, \u00e8 ideale per mantenere l\u2019ingresso pulito e ordinato.<\/p>\n<p>Il <strong>motivo decorativo con quadrati tridimensionali<\/strong> aiuta a catturare sporco e umidit\u00e0 dalle suole delle scarpe, garantendo un\u2019efficace azione pulente e contribuendo a mantenere i pavimenti interni pi\u00f9 puliti.<\/p>\n<p><strong>Caratteristiche principali:<\/strong><\/p>\n<ul>\n<li><strong>Materiali:<\/strong> polipropilene resistente con base e cornice in gomma robusta.<\/li>\n<li><strong>Design funzionale:<\/strong> superficie con quadrati tridimensionali che trattiene sporco e umidit\u00e0.<\/li>\n<li><strong>Fondo antiscivolo:<\/strong> garantisce stabilit\u00e0 e sicurezza su diverse superfici.<\/li>\n<li><strong>Resistente alle intemperie:<\/strong> adatto sia per ambienti interni che esterni.<\/li>\n<li><strong>Versatile:<\/strong> ideale per ingressi di casa, uffici, negozi o spazi esterni coperti.<\/li>\n<\/ul>\n<p><strong>Manutenzione:<\/strong><\/p>\n<ul>\n<li>Facile da pulire: basta <strong>sciacquarlo con acqua<\/strong> e lasciarlo <strong>asciugare all\u2019aria aperta<\/strong> per ripristinare il suo aspetto originale.<\/li>\n<\/ul>\n<p>Uno zerbino resistente e pratico che unisce <strong>funzionalit\u00e0, sicurezza ed eleganza<\/strong> per un ingresso sempre accogliente e pulito.<\/p>\n","protected":false},"excerpt":{"rendered":"<p>Zerbino pratico e resistente in polipropilene e gomma, progettato per offrire funzionalit\u00e0, stabilit\u00e0 e durata. Grazie alla combinazione di materiali di alta qualit\u00e0, \u00e8 ideale per mantenere l\u2019ingresso pulito e ordinato. Il motivo decorativo con quadrati tridimensionali aiuta a catturare sporco e umidit\u00e0 dalle suole delle scarpe, garantendo un\u2019efficace azione pulente e contribuendo a mantenere&#8230;<\/p>\n","protected":false},"featured_media":7402,"template":"","meta":[],"product_brand":[],"product_cat":[403,413,404,707],"product_tag":[],"class_list":{"0":"post-8093","1":"product","2":"type-product","3":"status-publish","4":"has-post-thumbnail","6":"product_cat-decorative-cushions-living-room-sofa","7":"product_cat-natural-coconut-fibre-printed-doormats","8":"product_cat-discounted-jute-products","9":"product_cat-doormats","10":"pa_ambiente-da-interno-e-esterno","11":"pa_antiscivolo-si","12":"pa_dimensione-45x75","13":"pa_dimensione-50x85","14":"pa_forma-rettangolare","15":"pa_marchio-jute-co","16":"pa_materiale-gomma-e-polipropilene","17":"pa_reversibile-no","18":"pa_tipo-di-lavorazione-tessuto-a-macchina","20":"first","21":"instock","22":"sale","23":"taxable","24":"shipping-taxable","25":"purchasable","26":"product-type-variable"},"yoast_head":"<!-- This site is optimized with the Yoast SEO plugin v27.0 - https:\/\/yoast.com\/product\/yoast-seo-wordpress\/ -->\n<title>Grey Rubber and Polypropylene Entrance Doormat - Jute&amp;co<\/title>\n<meta name=\"robots\" content=\"index, follow, max-snippet:-1, max-image-preview:large, max-video-preview:-1\" \/>\n<link rel=\"canonical\" href=\"https:\/\/www.juteco.it\/en\/grey-rubber-and-polypropylene-entrance-doormat\/\" \/>\n<meta property=\"og:locale\" content=\"en_US\" \/>\n<meta property=\"og:type\" content=\"article\" \/>\n<meta property=\"og:title\" content=\"Grey Rubber and Polypropylene Entrance Doormat - Jute&amp;co\" \/>\n<meta property=\"og:description\" content=\"Zerbino pratico e resistente in polipropilene e gomma, progettato per offrire funzionalit\u00e0, stabilit\u00e0 e durata. Grazie alla combinazione di materiali di alta qualit\u00e0, \u00e8 ideale per mantenere l\u2019ingresso pulito e ordinato. Il motivo decorativo con quadrati tridimensionali aiuta a catturare sporco e umidit\u00e0 dalle suole delle scarpe, garantendo un\u2019efficace azione pulente e contribuendo a mantenere...\" \/>\n<meta property=\"og:url\" content=\"https:\/\/www.juteco.it\/en\/grey-rubber-and-polypropylene-entrance-doormat\/\" \/>\n<meta property=\"og:site_name\" content=\"Jute&amp;co\" \/>\n<meta property=\"article:modified_time\" content=\"2026-03-17T10:16:14+00:00\" \/>\n<meta property=\"og:image\" content=\"https:\/\/www.juteco.it\/wp-content\/uploads\/2024\/12\/ZERDEL-ambientata-quadrata.png\" \/>\n\t<meta property=\"og:image:width\" content=\"1080\" \/>\n\t<meta property=\"og:image:height\" content=\"1080\" \/>\n\t<meta property=\"og:image:type\" content=\"image\/png\" \/>\n<meta name=\"twitter:card\" content=\"summary_large_image\" \/>\n<meta name=\"twitter:label1\" content=\"Est. reading time\" \/>\n\t<meta name=\"twitter:data1\" content=\"2 minutes\" \/>\n<script type=\"application\/ld+json\" class=\"yoast-schema-graph\">{\"@context\":\"https:\/\/schema.org\",\"@graph\":[{\"@type\":\"WebPage\",\"@id\":\"https:\/\/www.juteco.it\/en\/grey-rubber-and-polypropylene-entrance-doormat\/\",\"url\":\"https:\/\/www.juteco.it\/en\/grey-rubber-and-polypropylene-entrance-doormat\/\",\"name\":\"Grey Rubber and Polypropylene Entrance Doormat - Jute&amp;co\",\"isPartOf\":{\"@id\":\"https:\/\/www.juteco.it\/en\/#website\"},\"primaryImageOfPage\":{\"@id\":\"https:\/\/www.juteco.it\/en\/grey-rubber-and-polypropylene-entrance-doormat\/#primaryimage\"},\"image\":{\"@id\":\"https:\/\/www.juteco.it\/en\/grey-rubber-and-polypropylene-entrance-doormat\/#primaryimage\"},\"thumbnailUrl\":\"https:\/\/www.juteco.it\/wp-content\/uploads\/2024\/12\/ZERDEL-ambientata-quadrata.png\",\"datePublished\":\"2024-12-04T11:19:18+00:00\",\"dateModified\":\"2026-03-17T10:16:14+00:00\",\"breadcrumb\":{\"@id\":\"https:\/\/www.juteco.it\/en\/grey-rubber-and-polypropylene-entrance-doormat\/#breadcrumb\"},\"inLanguage\":\"en-US\",\"potentialAction\":[{\"@type\":\"ReadAction\",\"target\":[\"https:\/\/www.juteco.it\/en\/grey-rubber-and-polypropylene-entrance-doormat\/\"]}]},{\"@type\":\"ImageObject\",\"inLanguage\":\"en-US\",\"@id\":\"https:\/\/www.juteco.it\/en\/grey-rubber-and-polypropylene-entrance-doormat\/#primaryimage\",\"url\":\"https:\/\/www.juteco.it\/wp-content\/uploads\/2024\/12\/ZERDEL-ambientata-quadrata.png\",\"contentUrl\":\"https:\/\/www.juteco.it\/wp-content\/uploads\/2024\/12\/ZERDEL-ambientata-quadrata.png\",\"width\":1080,\"height\":1080},{\"@type\":\"BreadcrumbList\",\"@id\":\"https:\/\/www.juteco.it\/en\/grey-rubber-and-polypropylene-entrance-doormat\/#breadcrumb\",\"itemListElement\":[{\"@type\":\"ListItem\",\"position\":1,\"name\":\"Home\",\"item\":\"https:\/\/www.juteco.it\/en\/\"},{\"@type\":\"ListItem\",\"position\":2,\"name\":\"Shop\",\"item\":\"https:\/\/www.juteco.it\/shop\/\"},{\"@type\":\"ListItem\",\"position\":3,\"name\":\"Grey Rubber and Polypropylene Entrance Doormat\"}]},{\"@type\":\"WebSite\",\"@id\":\"https:\/\/www.juteco.it\/en\/#website\",\"url\":\"https:\/\/www.juteco.it\/en\/\",\"name\":\"Jute&amp;co\",\"description\":\"Natural style\",\"potentialAction\":[{\"@type\":\"SearchAction\",\"target\":{\"@type\":\"EntryPoint\",\"urlTemplate\":\"https:\/\/www.juteco.it\/en\/?s={search_term_string}\"},\"query-input\":{\"@type\":\"PropertyValueSpecification\",\"valueRequired\":true,\"valueName\":\"search_term_string\"}}],\"inLanguage\":\"en-US\"}]}<\/script>\n<!-- \/ Yoast SEO plugin. -->","yoast_head_json":{"title":"Grey Rubber and Polypropylene Entrance Doormat - Jute&amp;co","robots":{"index":"index","follow":"follow","max-snippet":"max-snippet:-1","max-image-preview":"max-image-preview:large","max-video-preview":"max-video-preview:-1"},"canonical":"https:\/\/www.juteco.it\/en\/grey-rubber-and-polypropylene-entrance-doormat\/","og_locale":"en_US","og_type":"article","og_title":"Grey Rubber and Polypropylene Entrance Doormat - Jute&amp;co","og_description":"Zerbino pratico e resistente in polipropilene e gomma, progettato per offrire funzionalit\u00e0, stabilit\u00e0 e durata. Grazie alla combinazione di materiali di alta qualit\u00e0, \u00e8 ideale per mantenere l\u2019ingresso pulito e ordinato. Il motivo decorativo con quadrati tridimensionali aiuta a catturare sporco e umidit\u00e0 dalle suole delle scarpe, garantendo un\u2019efficace azione pulente e contribuendo a mantenere...","og_url":"https:\/\/www.juteco.it\/en\/grey-rubber-and-polypropylene-entrance-doormat\/","og_site_name":"Jute&amp;co","article_modified_time":"2026-03-17T10:16:14+00:00","og_image":[{"width":1080,"height":1080,"url":"https:\/\/www.juteco.it\/wp-content\/uploads\/2024\/12\/ZERDEL-ambientata-quadrata.png","type":"image\/png"}],"twitter_card":"summary_large_image","twitter_misc":{"Est. reading time":"2 minutes"},"schema":{"@context":"https:\/\/schema.org","@graph":[{"@type":"WebPage","@id":"https:\/\/www.juteco.it\/en\/grey-rubber-and-polypropylene-entrance-doormat\/","url":"https:\/\/www.juteco.it\/en\/grey-rubber-and-polypropylene-entrance-doormat\/","name":"Grey Rubber and Polypropylene Entrance Doormat - Jute&amp;co","isPartOf":{"@id":"https:\/\/www.juteco.it\/en\/#website"},"primaryImageOfPage":{"@id":"https:\/\/www.juteco.it\/en\/grey-rubber-and-polypropylene-entrance-doormat\/#primaryimage"},"image":{"@id":"https:\/\/www.juteco.it\/en\/grey-rubber-and-polypropylene-entrance-doormat\/#primaryimage"},"thumbnailUrl":"https:\/\/www.juteco.it\/wp-content\/uploads\/2024\/12\/ZERDEL-ambientata-quadrata.png","datePublished":"2024-12-04T11:19:18+00:00","dateModified":"2026-03-17T10:16:14+00:00","breadcrumb":{"@id":"https:\/\/www.juteco.it\/en\/grey-rubber-and-polypropylene-entrance-doormat\/#breadcrumb"},"inLanguage":"en-US","potentialAction":[{"@type":"ReadAction","target":["https:\/\/www.juteco.it\/en\/grey-rubber-and-polypropylene-entrance-doormat\/"]}]},{"@type":"ImageObject","inLanguage":"en-US","@id":"https:\/\/www.juteco.it\/en\/grey-rubber-and-polypropylene-entrance-doormat\/#primaryimage","url":"https:\/\/www.juteco.it\/wp-content\/uploads\/2024\/12\/ZERDEL-ambientata-quadrata.png","contentUrl":"https:\/\/www.juteco.it\/wp-content\/uploads\/2024\/12\/ZERDEL-ambientata-quadrata.png","width":1080,"height":1080},{"@type":"BreadcrumbList","@id":"https:\/\/www.juteco.it\/en\/grey-rubber-and-polypropylene-entrance-doormat\/#breadcrumb","itemListElement":[{"@type":"ListItem","position":1,"name":"Home","item":"https:\/\/www.juteco.it\/en\/"},{"@type":"ListItem","position":2,"name":"Shop","item":"https:\/\/www.juteco.it\/shop\/"},{"@type":"ListItem","position":3,"name":"Grey Rubber and Polypropylene Entrance Doormat"}]},{"@type":"WebSite","@id":"https:\/\/www.juteco.it\/en\/#website","url":"https:\/\/www.juteco.it\/en\/","name":"Jute&amp;co","description":"Natural style","potentialAction":[{"@type":"SearchAction","target":{"@type":"EntryPoint","urlTemplate":"https:\/\/www.juteco.it\/en\/?s={search_term_string}"},"query-input":{"@type":"PropertyValueSpecification","valueRequired":true,"valueName":"search_term_string"}}],"inLanguage":"en-US"}]}},"_links":{"self":[{"href":"https:\/\/www.juteco.it\/en\/wp-json\/wp\/v2\/product\/8093","targetHints":{"allow":["GET"]}}],"collection":[{"href":"https:\/\/www.juteco.it\/en\/wp-json\/wp\/v2\/product"}],"about":[{"href":"https:\/\/www.juteco.it\/en\/wp-json\/wp\/v2\/types\/product"}],"wp:featuredmedia":[{"embeddable":true,"href":"https:\/\/www.juteco.it\/en\/wp-json\/wp\/v2\/media\/7402"}],"wp:attachment":[{"href":"https:\/\/www.juteco.it\/en\/wp-json\/wp\/v2\/media?parent=8093"}],"wp:term":[{"taxonomy":"product_brand","embeddable":true,"href":"https:\/\/www.juteco.it\/en\/wp-json\/wp\/v2\/product_brand?post=8093"},{"taxonomy":"product_cat","embeddable":true,"href":"https:\/\/www.juteco.it\/en\/wp-json\/wp\/v2\/product_cat?post=8093"},{"taxonomy":"product_tag","embeddable":true,"href":"https:\/\/www.juteco.it\/en\/wp-json\/wp\/v2\/product_tag?post=8093"}],"curies":[{"name":"wp","href":"https:\/\/api.w.org\/{rel}","templated":true}]}}