{"id":7885,"date":"2024-12-04T13:39:07","date_gmt":"2024-12-04T12:39:07","guid":{"rendered":"https:\/\/www.juteco.it\/product\/tappeto-in-juta-marrone-lavorazione-boucle-3\/"},"modified":"2026-03-18T13:20:42","modified_gmt":"2026-03-18T12:20:42","slug":"tappeto-in-juta-marrone-lavorazione-boucle-3","status":"publish","type":"product","link":"https:\/\/www.juteco.it\/en\/boucle-jute-rug-brown\/","title":{"rendered":"BOUCL\u00c9 Jute Rug \u2013 Brown"},"content":{"rendered":"<p>Tappeto Boucl\u00e8 artigianale, tessuto manualmente con la fibra naturale della juta. Combina la bellezza rustica ed elegante del materiale con la lavorazione boucl\u00e8, una tecnica francese che crea un motivo a rilievo e una texture lavorata al tatto. La tecnica boucl\u00e9 si ottiene grazie alla torcitura di due filati, che fa s\u00ec che la juta assuma il tipico aspetto rustico. Ogni tappeto \u00e8 unico, rendendo ogni pezzo una scelta distintiva.<\/p>\n<p>Caratteristiche:<br \/>\n&#8211; <strong>Materiale<\/strong>: Juta<br \/>\n&#8211; <strong>Lavorazione<\/strong>: Tessuto con telaio manuale, Lavorazione Boucl\u00e8<br \/>\n&#8211; <strong>Morbidezza<\/strong>: morbido al tatto, consentendo una piacevole esperienza a piedi scalzi.<br \/>\n&#8211; <strong>Facile manutenzione<\/strong>: battitappeto o aspirapolvere.<br \/>\n&#8211; <strong>Biodegradabile ed ecologico<\/strong>: Essendo realizzato interamente in juta, il tappeto \u00e8 un&#8217;opzione sostenibile ed ecologica per arredare.<br \/>\n&#8211; <strong>Propriet\u00e0 della juta<\/strong>: La juta \u00e8 conosciuta per le sue propriet\u00e0 isolanti, evita di perdere fibre nel tempo ed \u00e8 naturalmente antimuffa e antiacaro. Inoltre, la coltivazione della pianta di juta \u00e8 spontanea e non richiede l&#8217;uso di pesticidi, contribuendo cos\u00ec a un ambiente pi\u00f9 sano.<\/p>\n<p>Istruzioni per l&#8217;uso e la cura:<br \/>\n&#8211; Si consiglia di arrotolare il tappeto invece di trascinarlo quando \u00e8 necessario spostarlo, per evitare danni alla fibra e mantenere la sua forma.<br \/>\n&#8211; Per la pulizia quotidiana, \u00e8 possibile utilizzare un battitappeto o un aspirapolvere a bassa potenza.<br \/>\n&#8211; In caso di macchie, pulire delicatamente con un panno umido e asciugare accuratamente.<\/p>\n<p>Il Tappeto Boucl\u00e8 in Juta \u00e8 la scelta perfetta per chi desidera un pezzo unico, realizzato con amore e attenzione all&#8217;ambiente. Con la sua combinazione di qualit\u00e0 rustiche ed eleganti, aggiunger\u00e0 un tocco di stile e sostenibilit\u00e0 alla tua casa, rendendola un ambiente accogliente e alla moda.<\/p>\n","protected":false},"excerpt":{"rendered":"<p>Tappeto Boucl\u00e8 artigianale, tessuto manualmente con la fibra naturale della juta. Combina la bellezza rustica ed elegante del materiale con la lavorazione boucl\u00e8, una tecnica francese che crea un motivo a rilievo e una texture lavorata al tatto. La tecnica boucl\u00e9 si ottiene grazie alla torcitura di due filati, che fa s\u00ec che la juta&#8230;<\/p>\n","protected":false},"featured_media":5649,"template":"","meta":[],"product_brand":[],"product_cat":[403,401,399],"product_tag":[],"class_list":{"0":"post-7885","1":"product","2":"type-product","3":"status-publish","4":"has-post-thumbnail","6":"product_cat-decorative-cushions-living-room-sofa","7":"product_cat-rugs-handcrafted-handmade","8":"product_cat-elegant-natural-jute-rugs","9":"pa_ambiente-camera-soggiorno-ingresso","10":"pa_antiscivolo-no","11":"pa_colore-marrone","12":"pa_dimensione-200x300","13":"pa_frange-no","14":"pa_lavaggio-battitappeto","15":"pa_marchio-jute-co","16":"pa_materiale-juta","17":"pa_reversibile-si","18":"pa_riscaldamento-a-pavimento-si","20":"first","21":"instock","22":"sale","23":"taxable","24":"shipping-taxable","25":"purchasable","26":"product-type-simple"},"yoast_head":"<!-- This site is optimized with the Yoast SEO plugin v27.0 - https:\/\/yoast.com\/product\/yoast-seo-wordpress\/ -->\n<title>BOUCL\u00c9 Jute Rug \u2013 Brown - Jute&amp;co<\/title>\n<meta name=\"robots\" content=\"index, follow, max-snippet:-1, max-image-preview:large, max-video-preview:-1\" \/>\n<link rel=\"canonical\" href=\"https:\/\/www.juteco.it\/en\/boucle-jute-rug-brown\/\" \/>\n<meta property=\"og:locale\" content=\"en_US\" \/>\n<meta property=\"og:type\" content=\"article\" \/>\n<meta property=\"og:title\" content=\"BOUCL\u00c9 Jute Rug \u2013 Brown - Jute&amp;co\" \/>\n<meta property=\"og:description\" content=\"Tappeto Boucl\u00e8 artigianale, tessuto manualmente con la fibra naturale della juta. Combina la bellezza rustica ed elegante del materiale con la lavorazione boucl\u00e8, una tecnica francese che crea un motivo a rilievo e una texture lavorata al tatto. La tecnica boucl\u00e9 si ottiene grazie alla torcitura di due filati, che fa s\u00ec che la juta...\" \/>\n<meta property=\"og:url\" content=\"https:\/\/www.juteco.it\/en\/boucle-jute-rug-brown\/\" \/>\n<meta property=\"og:site_name\" content=\"Jute&amp;co\" \/>\n<meta property=\"article:modified_time\" content=\"2026-03-18T12:20:42+00:00\" \/>\n<meta property=\"og:image\" content=\"https:\/\/www.juteco.it\/wp-content\/uploads\/2025\/03\/Tappeto-juta-boucle-marrone-mar50x80amb.jpg\" \/>\n\t<meta property=\"og:image:width\" content=\"200\" \/>\n\t<meta property=\"og:image:height\" content=\"200\" \/>\n\t<meta property=\"og:image:type\" content=\"image\/jpeg\" \/>\n<meta name=\"twitter:card\" content=\"summary_large_image\" \/>\n<meta name=\"twitter:label1\" content=\"Est. reading time\" \/>\n\t<meta name=\"twitter:data1\" content=\"2 minutes\" \/>\n<script type=\"application\/ld+json\" class=\"yoast-schema-graph\">{\"@context\":\"https:\/\/schema.org\",\"@graph\":[{\"@type\":\"WebPage\",\"@id\":\"https:\/\/www.juteco.it\/en\/boucle-jute-rug-brown\/\",\"url\":\"https:\/\/www.juteco.it\/en\/boucle-jute-rug-brown\/\",\"name\":\"BOUCL\u00c9 Jute Rug \u2013 Brown - Jute&amp;co\",\"isPartOf\":{\"@id\":\"https:\/\/www.juteco.it\/en\/#website\"},\"primaryImageOfPage\":{\"@id\":\"https:\/\/www.juteco.it\/en\/boucle-jute-rug-brown\/#primaryimage\"},\"image\":{\"@id\":\"https:\/\/www.juteco.it\/en\/boucle-jute-rug-brown\/#primaryimage\"},\"thumbnailUrl\":\"https:\/\/www.juteco.it\/wp-content\/uploads\/2025\/03\/Tappeto-juta-boucle-marrone-mar50x80amb.jpg\",\"datePublished\":\"2024-12-04T12:39:07+00:00\",\"dateModified\":\"2026-03-18T12:20:42+00:00\",\"breadcrumb\":{\"@id\":\"https:\/\/www.juteco.it\/en\/boucle-jute-rug-brown\/#breadcrumb\"},\"inLanguage\":\"en-US\",\"potentialAction\":[{\"@type\":\"ReadAction\",\"target\":[\"https:\/\/www.juteco.it\/en\/boucle-jute-rug-brown\/\"]}]},{\"@type\":\"ImageObject\",\"inLanguage\":\"en-US\",\"@id\":\"https:\/\/www.juteco.it\/en\/boucle-jute-rug-brown\/#primaryimage\",\"url\":\"https:\/\/www.juteco.it\/wp-content\/uploads\/2025\/03\/Tappeto-juta-boucle-marrone-mar50x80amb.jpg\",\"contentUrl\":\"https:\/\/www.juteco.it\/wp-content\/uploads\/2025\/03\/Tappeto-juta-boucle-marrone-mar50x80amb.jpg\",\"width\":200,\"height\":200},{\"@type\":\"BreadcrumbList\",\"@id\":\"https:\/\/www.juteco.it\/en\/boucle-jute-rug-brown\/#breadcrumb\",\"itemListElement\":[{\"@type\":\"ListItem\",\"position\":1,\"name\":\"Home\",\"item\":\"https:\/\/www.juteco.it\/en\/\"},{\"@type\":\"ListItem\",\"position\":2,\"name\":\"Shop\",\"item\":\"https:\/\/www.juteco.it\/shop\/\"},{\"@type\":\"ListItem\",\"position\":3,\"name\":\"BOUCL\u00c9 Jute Rug \u2013 Brown\"}]},{\"@type\":\"WebSite\",\"@id\":\"https:\/\/www.juteco.it\/en\/#website\",\"url\":\"https:\/\/www.juteco.it\/en\/\",\"name\":\"Jute&amp;co\",\"description\":\"Natural style\",\"potentialAction\":[{\"@type\":\"SearchAction\",\"target\":{\"@type\":\"EntryPoint\",\"urlTemplate\":\"https:\/\/www.juteco.it\/en\/?s={search_term_string}\"},\"query-input\":{\"@type\":\"PropertyValueSpecification\",\"valueRequired\":true,\"valueName\":\"search_term_string\"}}],\"inLanguage\":\"en-US\"}]}<\/script>\n<!-- \/ Yoast SEO plugin. -->","yoast_head_json":{"title":"BOUCL\u00c9 Jute Rug \u2013 Brown - Jute&amp;co","robots":{"index":"index","follow":"follow","max-snippet":"max-snippet:-1","max-image-preview":"max-image-preview:large","max-video-preview":"max-video-preview:-1"},"canonical":"https:\/\/www.juteco.it\/en\/boucle-jute-rug-brown\/","og_locale":"en_US","og_type":"article","og_title":"BOUCL\u00c9 Jute Rug \u2013 Brown - Jute&amp;co","og_description":"Tappeto Boucl\u00e8 artigianale, tessuto manualmente con la fibra naturale della juta. Combina la bellezza rustica ed elegante del materiale con la lavorazione boucl\u00e8, una tecnica francese che crea un motivo a rilievo e una texture lavorata al tatto. La tecnica boucl\u00e9 si ottiene grazie alla torcitura di due filati, che fa s\u00ec che la juta...","og_url":"https:\/\/www.juteco.it\/en\/boucle-jute-rug-brown\/","og_site_name":"Jute&amp;co","article_modified_time":"2026-03-18T12:20:42+00:00","og_image":[{"width":200,"height":200,"url":"https:\/\/www.juteco.it\/wp-content\/uploads\/2025\/03\/Tappeto-juta-boucle-marrone-mar50x80amb.jpg","type":"image\/jpeg"}],"twitter_card":"summary_large_image","twitter_misc":{"Est. reading time":"2 minutes"},"schema":{"@context":"https:\/\/schema.org","@graph":[{"@type":"WebPage","@id":"https:\/\/www.juteco.it\/en\/boucle-jute-rug-brown\/","url":"https:\/\/www.juteco.it\/en\/boucle-jute-rug-brown\/","name":"BOUCL\u00c9 Jute Rug \u2013 Brown - Jute&amp;co","isPartOf":{"@id":"https:\/\/www.juteco.it\/en\/#website"},"primaryImageOfPage":{"@id":"https:\/\/www.juteco.it\/en\/boucle-jute-rug-brown\/#primaryimage"},"image":{"@id":"https:\/\/www.juteco.it\/en\/boucle-jute-rug-brown\/#primaryimage"},"thumbnailUrl":"https:\/\/www.juteco.it\/wp-content\/uploads\/2025\/03\/Tappeto-juta-boucle-marrone-mar50x80amb.jpg","datePublished":"2024-12-04T12:39:07+00:00","dateModified":"2026-03-18T12:20:42+00:00","breadcrumb":{"@id":"https:\/\/www.juteco.it\/en\/boucle-jute-rug-brown\/#breadcrumb"},"inLanguage":"en-US","potentialAction":[{"@type":"ReadAction","target":["https:\/\/www.juteco.it\/en\/boucle-jute-rug-brown\/"]}]},{"@type":"ImageObject","inLanguage":"en-US","@id":"https:\/\/www.juteco.it\/en\/boucle-jute-rug-brown\/#primaryimage","url":"https:\/\/www.juteco.it\/wp-content\/uploads\/2025\/03\/Tappeto-juta-boucle-marrone-mar50x80amb.jpg","contentUrl":"https:\/\/www.juteco.it\/wp-content\/uploads\/2025\/03\/Tappeto-juta-boucle-marrone-mar50x80amb.jpg","width":200,"height":200},{"@type":"BreadcrumbList","@id":"https:\/\/www.juteco.it\/en\/boucle-jute-rug-brown\/#breadcrumb","itemListElement":[{"@type":"ListItem","position":1,"name":"Home","item":"https:\/\/www.juteco.it\/en\/"},{"@type":"ListItem","position":2,"name":"Shop","item":"https:\/\/www.juteco.it\/shop\/"},{"@type":"ListItem","position":3,"name":"BOUCL\u00c9 Jute Rug \u2013 Brown"}]},{"@type":"WebSite","@id":"https:\/\/www.juteco.it\/en\/#website","url":"https:\/\/www.juteco.it\/en\/","name":"Jute&amp;co","description":"Natural style","potentialAction":[{"@type":"SearchAction","target":{"@type":"EntryPoint","urlTemplate":"https:\/\/www.juteco.it\/en\/?s={search_term_string}"},"query-input":{"@type":"PropertyValueSpecification","valueRequired":true,"valueName":"search_term_string"}}],"inLanguage":"en-US"}]}},"_links":{"self":[{"href":"https:\/\/www.juteco.it\/en\/wp-json\/wp\/v2\/product\/7885","targetHints":{"allow":["GET"]}}],"collection":[{"href":"https:\/\/www.juteco.it\/en\/wp-json\/wp\/v2\/product"}],"about":[{"href":"https:\/\/www.juteco.it\/en\/wp-json\/wp\/v2\/types\/product"}],"wp:featuredmedia":[{"embeddable":true,"href":"https:\/\/www.juteco.it\/en\/wp-json\/wp\/v2\/media\/5649"}],"wp:attachment":[{"href":"https:\/\/www.juteco.it\/en\/wp-json\/wp\/v2\/media?parent=7885"}],"wp:term":[{"taxonomy":"product_brand","embeddable":true,"href":"https:\/\/www.juteco.it\/en\/wp-json\/wp\/v2\/product_brand?post=7885"},{"taxonomy":"product_cat","embeddable":true,"href":"https:\/\/www.juteco.it\/en\/wp-json\/wp\/v2\/product_cat?post=7885"},{"taxonomy":"product_tag","embeddable":true,"href":"https:\/\/www.juteco.it\/en\/wp-json\/wp\/v2\/product_tag?post=7885"}],"curies":[{"name":"wp","href":"https:\/\/api.w.org\/{rel}","templated":true}]}}